{"id":16650,"date":"2020-02-24T22:15:15","date_gmt":"2020-02-24T22:15:15","guid":{"rendered":"https:\/\/demo01.houzez.co\/?page_id=16650"},"modified":"2022-10-15T02:04:27","modified_gmt":"2022-10-15T02:04:27","slug":"about","status":"publish","type":"page","link":"https:\/\/kirkubbe.com\/?page_id=16650","title":{"rendered":"About"},"content":{"rendered":"\t\t<div data-elementor-type=\"wp-page\" data-elementor-id=\"16650\" class=\"elementor elementor-16650\">\n\t\t\t\t\t\t\t\t\t<section class=\"elementor-section elementor-top-section elementor-element elementor-element-4c27a55 elementor-section-boxed elementor-section-height-default elementor-section-height-default\" data-id=\"4c27a55\" data-element_type=\"section\">\n\t\t\t\t\t\t<div class=\"elementor-container elementor-column-gap-default\">\n\t\t\t\t\t<div class=\"elementor-column elementor-col-100 elementor-top-column elementor-element elementor-element-426a5e7\" data-id=\"426a5e7\" data-element_type=\"column\">\n\t\t\t<div class=\"elementor-widget-wrap elementor-element-populated\">\n\t\t\t\t\t\t\t\t<div class=\"elementor-element elementor-element-9dc1603 elementor-widget elementor-widget-spacer\" data-id=\"9dc1603\" data-element_type=\"widget\" data-widget_type=\"spacer.default\">\n\t\t\t\t<div class=\"elementor-widget-container\">\n\t\t\t<style>\/*! elementor - v3.16.0 - 14-09-2023 *\/\n.elementor-column .elementor-spacer-inner{height:var(--spacer-size)}.e-con{--container-widget-width:100%}.e-con-inner>.elementor-widget-spacer,.e-con>.elementor-widget-spacer{width:var(--container-widget-width,var(--spacer-size));--align-self:var(--container-widget-align-self,initial);--flex-shrink:0}.e-con-inner>.elementor-widget-spacer>.elementor-widget-container,.e-con>.elementor-widget-spacer>.elementor-widget-container{height:100%;width:100%}.e-con-inner>.elementor-widget-spacer>.elementor-widget-container>.elementor-spacer,.e-con>.elementor-widget-spacer>.elementor-widget-container>.elementor-spacer{height:100%}.e-con-inner>.elementor-widget-spacer>.elementor-widget-container>.elementor-spacer>.elementor-spacer-inner,.e-con>.elementor-widget-spacer>.elementor-widget-container>.elementor-spacer>.elementor-spacer-inner{height:var(--container-widget-height,var(--spacer-size))}.e-con-inner>.elementor-widget-spacer.elementor-widget-empty,.e-con>.elementor-widget-spacer.elementor-widget-empty{position:relative;min-height:22px;min-width:22px}.e-con-inner>.elementor-widget-spacer.elementor-widget-empty .elementor-widget-empty-icon,.e-con>.elementor-widget-spacer.elementor-widget-empty .elementor-widget-empty-icon{position:absolute;top:0;bottom:0;left:0;right:0;margin:auto;padding:0;width:22px;height:22px}<\/style>\t\t<div class=\"elementor-spacer\">\n\t\t\t<div class=\"elementor-spacer-inner\"><\/div>\n\t\t<\/div>\n\t\t\t\t<\/div>\n\t\t\t\t<\/div>\n\t\t\t\t\t<\/div>\n\t\t<\/div>\n\t\t\t\t\t\t\t<\/div>\n\t\t<\/section>\n\t\t\t\t<section class=\"elementor-section elementor-top-section elementor-element elementor-element-74e5af9 elementor-section-boxed elementor-section-height-default elementor-section-height-default\" data-id=\"74e5af9\" data-element_type=\"section\">\n\t\t\t\t\t\t<div class=\"elementor-container elementor-column-gap-default\">\n\t\t\t\t\t<div class=\"elementor-column elementor-col-50 elementor-top-column elementor-element elementor-element-19a69fd\" data-id=\"19a69fd\" data-element_type=\"column\">\n\t\t\t<div class=\"elementor-widget-wrap elementor-element-populated\">\n\t\t\t\t\t\t\t\t<div class=\"elementor-element elementor-element-d929457 elementor-widget elementor-widget-text-editor\" data-id=\"d929457\" data-element_type=\"widget\" data-widget_type=\"text-editor.default\">\n\t\t\t\t<div class=\"elementor-widget-container\">\n\t\t\t<style>\/*! elementor - v3.16.0 - 14-09-2023 *\/\n.elementor-widget-text-editor.elementor-drop-cap-view-stacked .elementor-drop-cap{background-color:#69727d;color:#fff}.elementor-widget-text-editor.elementor-drop-cap-view-framed .elementor-drop-cap{color:#69727d;border:3px solid;background-color:transparent}.elementor-widget-text-editor:not(.elementor-drop-cap-view-default) .elementor-drop-cap{margin-top:8px}.elementor-widget-text-editor:not(.elementor-drop-cap-view-default) .elementor-drop-cap-letter{width:1em;height:1em}.elementor-widget-text-editor .elementor-drop-cap{float:left;text-align:center;line-height:1;font-size:50px}.elementor-widget-text-editor .elementor-drop-cap-letter{display:inline-block}<\/style>\t\t\t\t<p><em><strong>20 y\u0131l\u0131 a\u015fk\u0131n bir s\u00fcredir topluma hizmet eden g\u00fc\u00e7l\u00fc bir \u015firketiz.<\/strong><\/em> Yemek ve di\u011fer t\u00fcm hizmetlerimiz ile gurur duyuyoruz ve her etkinli\u011fi \u00f6zel k\u0131lmak konusunda tutkuluyuz. \u0130ster kahvalt\u0131, \u00f6\u011fle yeme\u011fi veya ak\u015fam yeme\u011fi i\u00e7in geliyor olun, ister d\u00fc\u011f\u00fcn\u00fcn\u00fcz\u00fc planl\u0131yor olun, her \u015feyin m\u00fckemmel oldu\u011fundan emin olmak i\u00e7in sizinle birlikte \u00e7al\u0131\u015faca\u011f\u0131z.<\/p><p>Do\u011fan\u0131n kalbinde ve y\u0131llar\u0131n getirdi\u011fi organizasyon ayn\u0131 zamanda kahvalt\u0131 tecr\u00fcbesiyle sizlere hizmet vermekteyiz. Samimi ve yak\u0131n bir \u00e7ekirdek kadrosuna sahip olan K\u0131rk Kubbe aralar\u0131ndan su s\u0131zmayan \u00f6zel bir ailenin organizat\u00f6rl\u00fck g\u00f6revini \u00fcstlendi\u011fi ayn\u0131 zamanda sizlere t\u00fcm bilgi ve tecr\u00fcbesini m\u00fckemmel bir ye\u015filli\u011fin i\u00e7inde sundu\u011fu ve tabii ki sunaca\u011f\u0131 K\u0131rkkubbe&#8217;ye tekrar ho\u015fgeldiniz.<\/p><p>Bizi tercih etti\u011finiz i\u00e7in te\u015fekk\u00fcrler!<\/p>\t\t\t\t\t\t<\/div>\n\t\t\t\t<\/div>\n\t\t\t\t\t<\/div>\n\t\t<\/div>\n\t\t\t\t<div class=\"elementor-column elementor-col-50 elementor-top-column elementor-element elementor-element-7ff86e2\" data-id=\"7ff86e2\" data-element_type=\"column\">\n\t\t\t<div class=\"elementor-widget-wrap elementor-element-populated\">\n\t\t\t\t\t\t\t\t<div class=\"elementor-element elementor-element-c214a93 elementor-widget elementor-widget-image\" data-id=\"c214a93\" data-element_type=\"widget\" data-widget_type=\"image.default\">\n\t\t\t\t<div class=\"elementor-widget-container\">\n\t\t\t<style>\/*! elementor - v3.16.0 - 14-09-2023 *\/\n.elementor-widget-image{text-align:center}.elementor-widget-image a{display:inline-block}.elementor-widget-image a img[src$=\".svg\"]{width:48px}.elementor-widget-image img{vertical-align:middle;display:inline-block}<\/style>\t\t\t\t\t\t\t\t\t\t\t\t<img loading=\"lazy\" decoding=\"async\" width=\"1024\" height=\"575\" src=\"https:\/\/kirkubbe.com\/wp-content\/uploads\/2022\/08\/Screen-Shot-2022-08-06-at-08.38.21-1024x575.png\" class=\"attachment-large size-large wp-image-17631\" alt=\"\" srcset=\"https:\/\/kirkubbe.com\/wp-content\/uploads\/2022\/08\/Screen-Shot-2022-08-06-at-08.38.21-1024x575.png 1024w, https:\/\/kirkubbe.com\/wp-content\/uploads\/2022\/08\/Screen-Shot-2022-08-06-at-08.38.21-300x168.png 300w, https:\/\/kirkubbe.com\/wp-content\/uploads\/2022\/08\/Screen-Shot-2022-08-06-at-08.38.21-768x431.png 768w, https:\/\/kirkubbe.com\/wp-content\/uploads\/2022\/08\/Screen-Shot-2022-08-06-at-08.38.21-1536x863.png 1536w, https:\/\/kirkubbe.com\/wp-content\/uploads\/2022\/08\/Screen-Shot-2022-08-06-at-08.38.21-2048x1150.png 2048w, https:\/\/kirkubbe.com\/wp-content\/uploads\/2022\/08\/Screen-Shot-2022-08-06-at-08.38.21-1068x600.png 1068w, https:\/\/kirkubbe.com\/wp-content\/uploads\/2022\/08\/Screen-Shot-2022-08-06-at-08.38.21-496x279.png 496w\" sizes=\"auto, (max-width: 1024px) 100vw, 1024px\" \/>\t\t\t\t\t\t\t\t\t\t\t\t\t\t\t<\/div>\n\t\t\t\t<\/div>\n\t\t\t\t<div class=\"elementor-element elementor-element-941f9fa elementor-widget elementor-widget-spacer\" data-id=\"941f9fa\" data-element_type=\"widget\" data-widget_type=\"spacer.default\">\n\t\t\t\t<div class=\"elementor-widget-container\">\n\t\t\t\t\t<div class=\"elementor-spacer\">\n\t\t\t<div class=\"elementor-spacer-inner\"><\/div>\n\t\t<\/div>\n\t\t\t\t<\/div>\n\t\t\t\t<\/div>\n\t\t\t\t\t<\/div>\n\t\t<\/div>\n\t\t\t\t\t\t\t<\/div>\n\t\t<\/section>\n\t\t\t\t<section class=\"elementor-section elementor-top-section elementor-element elementor-element-227efe8 elementor-section-boxed elementor-section-height-default elementor-section-height-default\" data-id=\"227efe8\" data-element_type=\"section\">\n\t\t\t\t\t\t<div class=\"elementor-container elementor-column-gap-default\">\n\t\t\t\t\t<div class=\"elementor-column elementor-col-50 elementor-top-column elementor-element elementor-element-4db3222\" data-id=\"4db3222\" data-element_type=\"column\">\n\t\t\t<div class=\"elementor-widget-wrap elementor-element-populated\">\n\t\t\t\t\t\t\t\t<div class=\"elementor-element elementor-element-584015a elementor-widget elementor-widget-spacer\" data-id=\"584015a\" data-element_type=\"widget\" data-widget_type=\"spacer.default\">\n\t\t\t\t<div class=\"elementor-widget-container\">\n\t\t\t\t\t<div class=\"elementor-spacer\">\n\t\t\t<div class=\"elementor-spacer-inner\"><\/div>\n\t\t<\/div>\n\t\t\t\t<\/div>\n\t\t\t\t<\/div>\n\t\t\t\t<div class=\"elementor-element elementor-element-e4cc45f elementor-widget elementor-widget-image\" data-id=\"e4cc45f\" data-element_type=\"widget\" data-widget_type=\"image.default\">\n\t\t\t\t<div class=\"elementor-widget-container\">\n\t\t\t\t\t\t\t\t\t\t\t\t\t\t\t<img loading=\"lazy\" decoding=\"async\" width=\"1024\" height=\"640\" src=\"https:\/\/kirkubbe.com\/wp-content\/uploads\/2022\/08\/Kirkubbe-Header1-110822-1024x640.jpg\" class=\"attachment-large size-large wp-image-17558\" alt=\"\" srcset=\"https:\/\/kirkubbe.com\/wp-content\/uploads\/2022\/08\/Kirkubbe-Header1-110822-1024x640.jpg 1024w, https:\/\/kirkubbe.com\/wp-content\/uploads\/2022\/08\/Kirkubbe-Header1-110822-300x188.jpg 300w, https:\/\/kirkubbe.com\/wp-content\/uploads\/2022\/08\/Kirkubbe-Header1-110822-768x480.jpg 768w, https:\/\/kirkubbe.com\/wp-content\/uploads\/2022\/08\/Kirkubbe-Header1-110822-960x600.jpg 960w, https:\/\/kirkubbe.com\/wp-content\/uploads\/2022\/08\/Kirkubbe-Header1-110822-496x310.jpg 496w, https:\/\/kirkubbe.com\/wp-content\/uploads\/2022\/08\/Kirkubbe-Header1-110822.jpg 1440w\" sizes=\"auto, (max-width: 1024px) 100vw, 1024px\" \/>\t\t\t\t\t\t\t\t\t\t\t\t\t\t\t<\/div>\n\t\t\t\t<\/div>\n\t\t\t\t\t<\/div>\n\t\t<\/div>\n\t\t\t\t<div class=\"elementor-column elementor-col-50 elementor-top-column elementor-element elementor-element-c75c74a\" data-id=\"c75c74a\" data-element_type=\"column\">\n\t\t\t<div class=\"elementor-widget-wrap elementor-element-populated\">\n\t\t\t\t\t\t\t\t<div class=\"elementor-element elementor-element-cb1144c elementor-widget elementor-widget-spacer\" data-id=\"cb1144c\" data-element_type=\"widget\" data-widget_type=\"spacer.default\">\n\t\t\t\t<div class=\"elementor-widget-container\">\n\t\t\t\t\t<div class=\"elementor-spacer\">\n\t\t\t<div class=\"elementor-spacer-inner\"><\/div>\n\t\t<\/div>\n\t\t\t\t<\/div>\n\t\t\t\t<\/div>\n\t\t\t\t<div class=\"elementor-element elementor-element-d9db696 elementor-widget elementor-widget-text-editor\" data-id=\"d9db696\" data-element_type=\"widget\" data-widget_type=\"text-editor.default\">\n\t\t\t\t<div class=\"elementor-widget-container\">\n\t\t\t\t\t\t\t<div class=\"section-title\"><div class=\"title-desc\"><p>Ayr\u0131nt\u0131lar\u0131 inceliklerle d\u00fc\u015f\u00fcn\u00fclm\u00fcs bir masal\u0131 ger\u00e7e\u011fe d\u00f6n\u00fc\u015ft\u00fcrmek i\u00e7in buraday\u0131z. O \u00f6zel g\u00fcnde mutlulu\u011funuzu payla\u015fman\u0131n ve size ev sahipligi yapman\u0131n heyecan\u0131n\u0131 hi\u00e7bir \u015feye de\u011fi\u015fmiyoruz.<\/p><p>D\u00fc\u011f\u00fcn, ni\u015fan, k\u0131na gecesi, mezuniyet ve farkl\u0131 konseptlerimiz hakk\u0131nda g\u00f6r\u00fc\u015fmek isterseniz bir kahve i\u00e7meye bekliyoruz.<\/p><\/div><\/div>\t\t\t\t\t\t<\/div>\n\t\t\t\t<\/div>\n\t\t\t\t\t<\/div>\n\t\t<\/div>\n\t\t\t\t\t\t\t<\/div>\n\t\t<\/section>\n\t\t\t\t<section class=\"elementor-section elementor-top-section elementor-element elementor-element-37e5de8 elementor-section-boxed elementor-section-height-default elementor-section-height-default\" data-id=\"37e5de8\" data-element_type=\"section\">\n\t\t\t\t\t\t<div class=\"elementor-container elementor-column-gap-default\">\n\t\t\t\t\t<div class=\"elementor-column elementor-col-100 elementor-top-column elementor-element elementor-element-b3c212c\" data-id=\"b3c212c\" data-element_type=\"column\">\n\t\t\t<div class=\"elementor-widget-wrap elementor-element-populated\">\n\t\t\t\t\t\t\t\t<div class=\"elementor-element elementor-element-298dd1f elementor-widget elementor-widget-spacer\" data-id=\"298dd1f\" data-element_type=\"widget\" data-widget_type=\"spacer.default\">\n\t\t\t\t<div class=\"elementor-widget-container\">\n\t\t\t\t\t<div class=\"elementor-spacer\">\n\t\t\t<div class=\"elementor-spacer-inner\"><\/div>\n\t\t<\/div>\n\t\t\t\t<\/div>\n\t\t\t\t<\/div>\n\t\t\t\t<div class=\"elementor-element elementor-element-04da9bb animated-slow elementor-invisible elementor-widget elementor-widget-houzez_elementor_section_title\" data-id=\"04da9bb\" data-element_type=\"widget\" data-settings=\"{&quot;_animation&quot;:&quot;fadeIn&quot;}\" data-widget_type=\"houzez_elementor_section_title.default\">\n\t\t\t\t<div class=\"elementor-widget-container\">\n\t\t\t            <div class=\"houzez_section_title_wrap section-title-module\">\n                                    <h2 class=\"houzez_section_title\">Sizin \u0130\u00e7in Kaleme Ald\u0131klar\u0131m\u0131z<\/h2>\n                \n                                    <p class=\"houzez_section_subtitle\">K\u0131rk Kubbe tecr\u00fcbesini ve bilgisini blog i\u00e7eriklerine d\u00f6k\u00fcyor. Hemen g\u00f6z at\u0131n...<\/p>\n                            <\/div>\n            \t\t<\/div>\n\t\t\t\t<\/div>\n\t\t\t\t<section class=\"elementor-section elementor-inner-section elementor-element elementor-element-1ee1e99 elementor-section-boxed elementor-section-height-default elementor-section-height-default\" data-id=\"1ee1e99\" data-element_type=\"section\">\n\t\t\t\t\t\t<div class=\"elementor-container elementor-column-gap-default\">\n\t\t\t\t\t<div class=\"elementor-column elementor-col-100 elementor-inner-column elementor-element elementor-element-2d41ad6\" data-id=\"2d41ad6\" data-element_type=\"column\">\n\t\t\t<div class=\"elementor-widget-wrap elementor-element-populated\">\n\t\t\t\t\t\t\t\t<div class=\"elementor-element elementor-element-b10f709 elementor-widget elementor-widget-houzez_elementor_blog_posts\" data-id=\"b10f709\" data-element_type=\"widget\" data-widget_type=\"houzez_elementor_blog_posts.default\">\n\t\t\t\t<div class=\"elementor-widget-container\">\n\t\t\t\n        <div class=\"blog-posts-module blog-posts-module-v1\">\n            <div class=\"row module-row\">\n                                    <div class=\"col-lg-3 col-md-6\">\n                        <div id=\"post-637\" class=\"blog-post-item blog-post-item-v1 post-637 post type-post status-publish format-standard has-post-thumbnail hentry category-ozel-icerikler\">\n\t\n\t\t<div class=\"blog-post-thumb\">\n\t\t<a href=\"https:\/\/kirkubbe.com\/?p=637\" class=\"hover-effect\">\n\t\t\t<img loading=\"lazy\" decoding=\"async\" width=\"592\" height=\"444\" src=\"https:\/\/kirkubbe.com\/wp-content\/uploads\/2016\/03\/breakfast-platter-with-mixed-combination-foods-592x444.jpg\" class=\"img-fluid wp-post-image\" alt=\"\" srcset=\"https:\/\/kirkubbe.com\/wp-content\/uploads\/2016\/03\/breakfast-platter-with-mixed-combination-foods-592x444.jpg 592w, https:\/\/kirkubbe.com\/wp-content\/uploads\/2016\/03\/breakfast-platter-with-mixed-combination-foods-584x438.jpg 584w, https:\/\/kirkubbe.com\/wp-content\/uploads\/2016\/03\/breakfast-platter-with-mixed-combination-foods-120x90.jpg 120w\" sizes=\"auto, (max-width: 592px) 100vw, 592px\" \/>\t\t<\/a>\n\t<\/div><!-- blog-post-thumb -->\n\t\n\t<div class=\"blog-post-content-wrap\">\n\t\t<div class=\"blog-post-meta\">\n\t\t\t<ul class=\"list-inline\">\n\t\t\t\t\t\t\t\t<li class=\"list-inline-item\">\n\t\t\t\t\t<time datetime=\"Mart 9, 2016\"><i class=\"houzez-icon icon-calendar-3 mr-1\"><\/i> Mart 9, 2016<\/time>\n\t\t\t\t<\/li>\n\t\t\t\t\n\t\t\t\t\t\t\t\t<li class=\"list-inline-item\">\n\t\t\t\t\t<i class=\"houzez-icon icon-tags mr-1\"><\/i> <a href=\"https:\/\/kirkubbe.com\/?cat=81\" rel=\"category\">\u00d6zel \u0130\u00e7erikler<\/a>\t\t\t\t<\/li>\n\t\t\t\t\n\t\t\t<\/ul>\n\t\t<\/div><!-- blog-post-meta -->\n\t\t<div class=\"blog-post-title\">\n\t\t\t<h3><a href=\"https:\/\/kirkubbe.com\/?p=637\">Sabah Kahvalt\u0131s\u0131 Hakk\u0131nda Bilmeniz Gerekenler<\/a><\/h3>\n\t\t<\/div><!-- blog-post-title -->\n\t\t<div class=\"blog-post-body\">\n\t\t\t\u00c7o\u011fumuz, g\u00fcn\u00fcn di\u011fer \u00f6\u011f\u00fcnleri gibi kahvalt\u0131n\u0131n da farkl\u0131 yiyecek t\u00fcrleri ve farkl\u0131...\t\t<\/div><!-- blog-post-body -->\n\t\t<div class=\"blog-post-link\">\n\t\t\t<a href=\"https:\/\/kirkubbe.com\/?p=637\"><\/a>\n\t\t<\/div><!-- blog-post-link -->\n\t<\/div><!-- blog-post-content-wrap -->\n\t\t<div class=\"blog-post-author\">\n\t\t<i class=\"houzez-icon icon-single-neutral mr-1\"><\/i>  admin\t<\/div>\n\t<\/div><!-- blog-post-item -->                    <\/div>\n                                    <div class=\"col-lg-3 col-md-6\">\n                        <div id=\"post-635\" class=\"blog-post-item blog-post-item-v1 post-635 post type-post status-publish format-standard has-post-thumbnail hentry category-ozel-icerikler category-uncategorized\">\n\t\n\t\t<div class=\"blog-post-thumb\">\n\t\t<a href=\"https:\/\/kirkubbe.com\/?p=635\" class=\"hover-effect\">\n\t\t\t<img loading=\"lazy\" decoding=\"async\" width=\"592\" height=\"444\" src=\"https:\/\/kirkubbe.com\/wp-content\/uploads\/2016\/03\/golden-wedding-rings-white-rose-from-wedding-bouquet-592x444.jpg\" class=\"img-fluid wp-post-image\" alt=\"\" srcset=\"https:\/\/kirkubbe.com\/wp-content\/uploads\/2016\/03\/golden-wedding-rings-white-rose-from-wedding-bouquet-592x444.jpg 592w, https:\/\/kirkubbe.com\/wp-content\/uploads\/2016\/03\/golden-wedding-rings-white-rose-from-wedding-bouquet-584x438.jpg 584w, https:\/\/kirkubbe.com\/wp-content\/uploads\/2016\/03\/golden-wedding-rings-white-rose-from-wedding-bouquet-120x90.jpg 120w\" sizes=\"auto, (max-width: 592px) 100vw, 592px\" \/>\t\t<\/a>\n\t<\/div><!-- blog-post-thumb -->\n\t\n\t<div class=\"blog-post-content-wrap\">\n\t\t<div class=\"blog-post-meta\">\n\t\t\t<ul class=\"list-inline\">\n\t\t\t\t\t\t\t\t<li class=\"list-inline-item\">\n\t\t\t\t\t<time datetime=\"Mart 9, 2016\"><i class=\"houzez-icon icon-calendar-3 mr-1\"><\/i> Mart 9, 2016<\/time>\n\t\t\t\t<\/li>\n\t\t\t\t\n\t\t\t\t\t\t\t\t<li class=\"list-inline-item\">\n\t\t\t\t\t<i class=\"houzez-icon icon-tags mr-1\"><\/i> <a href=\"https:\/\/kirkubbe.com\/?cat=81\" rel=\"category\">\u00d6zel \u0130\u00e7erikler<\/a>, <a href=\"https:\/\/kirkubbe.com\/?cat=1\" rel=\"category\">Uncategorized<\/a>\t\t\t\t<\/li>\n\t\t\t\t\n\t\t\t<\/ul>\n\t\t<\/div><!-- blog-post-meta -->\n\t\t<div class=\"blog-post-title\">\n\t\t\t<h3><a href=\"https:\/\/kirkubbe.com\/?p=635\">D\u00fc\u011f\u00fcn Organize Ederken Bilmeniz Gerekenler<\/a><\/h3>\n\t\t<\/div><!-- blog-post-title -->\n\t\t<div class=\"blog-post-body\">\n\t\t\tD\u00fc\u011f\u00fcn planlamadan \u00f6nce bilinmesi gerekenler; D\u00fc\u011f\u00fcn, \u00e7ift i\u00e7in ve s\u00fcnnet t\u00f6reni i\u00e7in...\t\t<\/div><!-- blog-post-body -->\n\t\t<div class=\"blog-post-link\">\n\t\t\t<a href=\"https:\/\/kirkubbe.com\/?p=635\"><\/a>\n\t\t<\/div><!-- blog-post-link -->\n\t<\/div><!-- blog-post-content-wrap -->\n\t\t<div class=\"blog-post-author\">\n\t\t<i class=\"houzez-icon icon-single-neutral mr-1\"><\/i>  admin\t<\/div>\n\t<\/div><!-- blog-post-item -->                    <\/div>\n                                    <div class=\"col-lg-3 col-md-6\">\n                        <div id=\"post-633\" class=\"blog-post-item blog-post-item-v1 post-633 post type-post status-publish format-standard has-post-thumbnail hentry category-ozel-icerikler\">\n\t\n\t\t<div class=\"blog-post-thumb\">\n\t\t<a href=\"https:\/\/kirkubbe.com\/?p=633\" class=\"hover-effect\">\n\t\t\t<img loading=\"lazy\" decoding=\"async\" width=\"592\" height=\"444\" src=\"https:\/\/kirkubbe.com\/wp-content\/uploads\/2016\/03\/groom-putting-ring-bride-s-finger-592x444.jpg\" class=\"img-fluid wp-post-image\" alt=\"\" srcset=\"https:\/\/kirkubbe.com\/wp-content\/uploads\/2016\/03\/groom-putting-ring-bride-s-finger-592x444.jpg 592w, https:\/\/kirkubbe.com\/wp-content\/uploads\/2016\/03\/groom-putting-ring-bride-s-finger-584x438.jpg 584w, https:\/\/kirkubbe.com\/wp-content\/uploads\/2016\/03\/groom-putting-ring-bride-s-finger-120x90.jpg 120w\" sizes=\"auto, (max-width: 592px) 100vw, 592px\" \/>\t\t<\/a>\n\t<\/div><!-- blog-post-thumb -->\n\t\n\t<div class=\"blog-post-content-wrap\">\n\t\t<div class=\"blog-post-meta\">\n\t\t\t<ul class=\"list-inline\">\n\t\t\t\t\t\t\t\t<li class=\"list-inline-item\">\n\t\t\t\t\t<time datetime=\"Mart 9, 2016\"><i class=\"houzez-icon icon-calendar-3 mr-1\"><\/i> Mart 9, 2016<\/time>\n\t\t\t\t<\/li>\n\t\t\t\t\n\t\t\t\t\t\t\t\t<li class=\"list-inline-item\">\n\t\t\t\t\t<i class=\"houzez-icon icon-tags mr-1\"><\/i> <a href=\"https:\/\/kirkubbe.com\/?cat=81\" rel=\"category\">\u00d6zel \u0130\u00e7erikler<\/a>\t\t\t\t<\/li>\n\t\t\t\t\n\t\t\t<\/ul>\n\t\t<\/div><!-- blog-post-meta -->\n\t\t<div class=\"blog-post-title\">\n\t\t\t<h3><a href=\"https:\/\/kirkubbe.com\/?p=633\">Ni\u015fan Organize Ederken Bilmeniz Gerekenler<\/a><\/h3>\n\t\t<\/div><!-- blog-post-title -->\n\t\t<div class=\"blog-post-body\">\n\t\t\tM\u00fcdahale haz\u0131rl\u0131\u011f\u0131 Ba\u015far\u0131l\u0131 ge\u00e7en nikah t\u00f6reninin ard\u0131ndan ni\u015fan haz\u0131rl\u0131klar\u0131 h\u0131z...\t\t<\/div><!-- blog-post-body -->\n\t\t<div class=\"blog-post-link\">\n\t\t\t<a href=\"https:\/\/kirkubbe.com\/?p=633\"><\/a>\n\t\t<\/div><!-- blog-post-link -->\n\t<\/div><!-- blog-post-content-wrap -->\n\t\t<div class=\"blog-post-author\">\n\t\t<i class=\"houzez-icon icon-single-neutral mr-1\"><\/i>  admin\t<\/div>\n\t<\/div><!-- blog-post-item -->                    <\/div>\n                            <\/div>\n        <\/div>\n\n        \t\t<\/div>\n\t\t\t\t<\/div>\n\t\t\t\t\t<\/div>\n\t\t<\/div>\n\t\t\t\t\t\t\t<\/div>\n\t\t<\/section>\n\t\t\t\t<div class=\"elementor-element elementor-element-6649fbc elementor-widget elementor-widget-spacer\" data-id=\"6649fbc\" data-element_type=\"widget\" data-widget_type=\"spacer.default\">\n\t\t\t\t<div class=\"elementor-widget-container\">\n\t\t\t\t\t<div class=\"elementor-spacer\">\n\t\t\t<div class=\"elementor-spacer-inner\"><\/div>\n\t\t<\/div>\n\t\t\t\t<\/div>\n\t\t\t\t<\/div>\n\t\t\t\t\t<\/div>\n\t\t<\/div>\n\t\t\t\t\t\t\t<\/div>\n\t\t<\/section>\n\t\t\t\t\t\t\t<\/div>\n\t\t","protected":false},"excerpt":{"rendered":"<p>20 y\u0131l\u0131 a\u015fk\u0131n bir s\u00fcredir topluma hizmet eden g\u00fc\u00e7l\u00fc bir \u015firketiz. Yemek ve di\u011fer t\u00fcm hizmetlerimiz ile gurur duyuyoruz ve her etkinli\u011fi \u00f6zel k\u0131lmak konusunda tutkuluyuz. \u0130ster kahvalt\u0131, \u00f6\u011fle yeme\u011fi veya ak\u015fam yeme\u011fi i\u00e7in geliyor olun, ister d\u00fc\u011f\u00fcn\u00fcn\u00fcz\u00fc planl\u0131yor olun, her \u015feyin m\u00fckemmel oldu\u011fundan emin olmak i\u00e7in sizinle birlikte \u00e7al\u0131\u015faca\u011f\u0131z. Do\u011fan\u0131n kalbinde ve y\u0131llar\u0131n getirdi\u011fi [&hellip;]<\/p>\n","protected":false},"author":1,"featured_media":0,"parent":0,"menu_order":0,"comment_status":"closed","ping_status":"closed","template":"elementor_header_footer","meta":{"footnotes":""},"class_list":["post-16650","page","type-page","status-publish","hentry"],"_links":{"self":[{"href":"https:\/\/kirkubbe.com\/index.php?rest_route=\/wp\/v2\/pages\/16650","targetHints":{"allow":["GET"]}}],"collection":[{"href":"https:\/\/kirkubbe.com\/index.php?rest_route=\/wp\/v2\/pages"}],"about":[{"href":"https:\/\/kirkubbe.com\/index.php?rest_route=\/wp\/v2\/types\/page"}],"author":[{"embeddable":true,"href":"https:\/\/kirkubbe.com\/index.php?rest_route=\/wp\/v2\/users\/1"}],"replies":[{"embeddable":true,"href":"https:\/\/kirkubbe.com\/index.php?rest_route=%2Fwp%2Fv2%2Fcomments&post=16650"}],"version-history":[{"count":16,"href":"https:\/\/kirkubbe.com\/index.php?rest_route=\/wp\/v2\/pages\/16650\/revisions"}],"predecessor-version":[{"id":17879,"href":"https:\/\/kirkubbe.com\/index.php?rest_route=\/wp\/v2\/pages\/16650\/revisions\/17879"}],"wp:attachment":[{"href":"https:\/\/kirkubbe.com\/index.php?rest_route=%2Fwp%2Fv2%2Fmedia&parent=16650"}],"curies":[{"name":"wp","href":"https:\/\/api.w.org\/{rel}","templated":true}]}}